{"id":828,"date":"2020-11-02T20:29:39","date_gmt":"2020-11-02T20:29:39","guid":{"rendered":"http:\/\/ischoolhigh.wpengine.com\/?page_id=828"},"modified":"2021-05-25T14:53:29","modified_gmt":"2021-05-25T14:53:29","slug":"academicos","status":"publish","type":"page","link":"https:\/\/ischoolhigh.com\/es\/academics\/","title":{"rendered":"Acad\u00e9mica"},"content":{"rendered":"<div class=\"wp-block-toolset-blocks-container tb-container\" data-toolset-blocks-container=\"336dc66a806a3497eda2d1aeb8a35e56\">\n<div class=\"wp-block-toolset-blocks-container tb-container\" data-toolset-blocks-container=\"ae494e2a4739b542f05fca9c9f3ed019\">\n<div class=\"tb-fields-and-text\" data-toolset-blocks-fields-and-text=\"c8a0ec8f38a5e268dbccaeb1f5a64102\"><p style=\"text-align: center;\">Aprendizaje combinado basado en el dominio<\/p><\/div>\n<\/div>\n<\/div>\n\n\n\n<div class=\"wp-block-toolset-blocks-container tb-container\" data-toolset-blocks-container=\"60898a910b390911dcee987ff34f1bca\">\n<div class=\"wp-block-toolset-blocks-grid tb-grid\" data-toolset-blocks-grid=\"3d9c399fe625e1b972f817a0680229f6\">\n<div class=\"wp-block-toolset-blocks-grid-column tb-grid-column tb-grid-align-top\" data-toolset-blocks-grid-column=\"3034fbe886c11054e95b46b09d3e4112\">\n<div class=\"wp-block-toolset-blocks-container tb-container\" data-toolset-blocks-container=\"4291b8223f9efa5c3adf303a759cc166\">\n<div style=\"height:350px\" aria-hidden=\"true\" class=\"wp-block-spacer\"><\/div>\n<\/div>\n<\/div>\n\n\n\n<div class=\"wp-block-toolset-blocks-grid-column tb-grid-column tb-grid-align-top\" data-toolset-blocks-grid-column=\"3034fbe886c11054e95b46b09d3e4112\">\n<div class=\"wp-block-toolset-blocks-container tb-container overlap-container-right\" data-toolset-blocks-container=\"9e52fd4572fbcc94bf52d789f3f0699e\">\n<div class=\"wp-block-toolset-blocks-container tb-container\" data-toolset-blocks-container=\"92fece03c6d043187e95e4bfe194ab19\">\n<div class=\"tb-fields-and-text\" data-toolset-blocks-fields-and-text=\"b93f7fffa59e1063a66f3b1e96d23615\"><p>Los estudiantes aprenden en un entorno de aprendizaje combinado, personalizado y basado en el dominio del idioma, donde progresan de forma independiente en sus estudios, guiados por el profesor. Esto permite una atenci\u00f3n m\u00e1s individualizada del profesor en las asignaturas que requieren ayuda adicional. Los estudiantes utilizan una s\u00f3lida plataforma de aprendizaje en l\u00ednea. El aprendizaje combinado combina actividades de aprendizaje independientes basadas en tecnolog\u00eda con instrucci\u00f3n dirigida por el profesor para maximizar una experiencia de aprendizaje personalizada.<\/p><\/div>\n<\/div>\n<\/div>\n<\/div>\n<\/div>\n<\/div>\n\n\n\n<div class=\"wp-block-toolset-blocks-container tb-container\" data-toolset-blocks-container=\"8dee9684d4e202d421fd62d1cb6701b3\">\n<div class=\"wp-block-toolset-blocks-grid tb-grid\" data-toolset-blocks-grid=\"e7c9fbd982749fbc442ab40d30533966\">\n<div class=\"wp-block-toolset-blocks-grid-column tb-grid-column tb-grid-align-top\" data-toolset-blocks-grid-column=\"3034fbe886c11054e95b46b09d3e4112\">\n<div class=\"wp-block-toolset-blocks-container tb-container overlap-container-left\" data-toolset-blocks-container=\"99d9695674d20abd51d5147df0a04690\">\n<div class=\"wp-block-toolset-blocks-container tb-container\" data-toolset-blocks-container=\"c66c6c65d6c3cd61e3c2a0b9b093d5eb\">\n<div class=\"tb-fields-and-text\" data-toolset-blocks-fields-and-text=\"8b6d1a69f21ce29892c3af21e2114492\"><p>El aprendizaje basado en el dominio es una estrategia instructiva, as\u00ed como una filosof\u00eda educativa, que sostiene que los estudiantes deben alcanzar cierto nivel de dominio antes de avanzar al aprendizaje de informaci\u00f3n posterior. Si los estudiantes no demuestran dominio en la etapa de evaluaci\u00f3n, reciben apoyo adicional en el aprendizaje y repaso del material hasta alcanzar cierto nivel de dominio. Este ciclo contin\u00faa hasta que el estudiante alcanza el dominio, momento en el que puede pasar a la siguiente unidad de informaci\u00f3n.<\/p>\n<p>Esto brinda la oportunidad a los estudiantes de apropiarse del aprendizaje y monitorear su propio progreso para crear responsabilidad personal y un sentido de logro.<\/p><\/div>\n<\/div>\n<\/div>\n<\/div>\n\n\n\n<div class=\"wp-block-toolset-blocks-grid-column tb-grid-column tb-grid-align-top\" data-toolset-blocks-grid-column=\"3034fbe886c11054e95b46b09d3e4112\">\n<div class=\"wp-block-toolset-blocks-container tb-container\" data-toolset-blocks-container=\"55e045db81ddc01756d28cc2233a0687\">\n<div style=\"height:350px\" aria-hidden=\"true\" class=\"wp-block-spacer\"><\/div>\n<\/div>\n<\/div>\n<\/div>\n<\/div>\n\n\n\n<div class=\"wp-block-toolset-blocks-container tb-container\" data-toolset-blocks-container=\"f5243584bf4ebc4e61e58d4be0560cef\">\n<div class=\"tb-fields-and-text\" data-toolset-blocks-fields-and-text=\"c0919f02abd5b0e3b2344db24db076bc\">\u00bfCUANDO PODR\u00cdAS GRADUARTE?<\/div>\n\n\n\n<div class=\"tb-fields-and-text\" data-toolset-blocks-fields-and-text=\"ffd6b6ced42fd248ba3d9adb509eded0\"><p>Dado que ofrecemos un programa autodirigido, muchos de nuestros dedicados estudiantes se grad\u00faan en 3 a\u00f1os o menos. Ingresa la cantidad de cr\u00e9ditos de preparatoria que has obtenido hasta la fecha para ver qu\u00e9 tan r\u00e1pido podr\u00edas graduarte.&nbsp;<\/p><\/div>\n\n\n<\/div>","protected":false},"excerpt":{"rendered":"","protected":false},"author":2,"featured_media":0,"parent":0,"menu_order":0,"comment_status":"closed","ping_status":"closed","template":"","meta":{"footnotes":""},"class_list":["post-828","page","type-page","status-publish"],"yoast_head":"<!-- This site is optimized with the Yoast SEO plugin v27.2 - https:\/\/yoast.com\/product\/yoast-seo-wordpress\/ -->\n<title>Academics &amp; Programs | Early College Charter High School<\/title>\n<meta name=\"description\" content=\"Explore iSchool High academics, combining college-prep coursework, dual credit opportunities, and personalized support in a tuition-free charter high school.\" \/>\n<meta name=\"robots\" content=\"index, follow, max-snippet:-1, max-image-preview:large, max-video-preview:-1\" \/>\n<link rel=\"canonical\" href=\"https:\/\/ischoolhigh.com\/es\/academicos\/\" \/>\n<meta property=\"og:locale\" content=\"es_MX\" \/>\n<meta property=\"og:type\" content=\"article\" \/>\n<meta property=\"og:title\" content=\"Academics &amp; Programs | Early College Charter High School\" \/>\n<meta property=\"og:description\" content=\"Explore iSchool High academics, combining college-prep coursework, dual credit opportunities, and personalized support in a tuition-free charter high school.\" \/>\n<meta property=\"og:url\" content=\"https:\/\/ischoolhigh.com\/es\/academicos\/\" \/>\n<meta property=\"og:site_name\" content=\"iSchool High\" \/>\n<meta property=\"article:modified_time\" content=\"2021-05-25T14:53:29+00:00\" \/>\n<meta property=\"og:image\" content=\"https:\/\/ischoolhigh.com\/wp-content\/uploads\/2025\/06\/112221_ResponsiveEd_L_KathyTran_0545_web.jpg\" \/>\n\t<meta property=\"og:image:width\" content=\"2000\" \/>\n\t<meta property=\"og:image:height\" content=\"1334\" \/>\n\t<meta property=\"og:image:type\" content=\"image\/jpeg\" \/>\n<meta name=\"twitter:card\" content=\"summary_large_image\" \/>\n<script type=\"application\/ld+json\" class=\"yoast-schema-graph\">{\"@context\":\"https:\/\/schema.org\",\"@graph\":[{\"@type\":\"WebPage\",\"@id\":\"https:\/\/ischoolhigh.com\/academics\/\",\"url\":\"https:\/\/ischoolhigh.com\/academics\/\",\"name\":\"Academics & Programs | Early College Charter High School\",\"isPartOf\":{\"@id\":\"https:\/\/ischoolhigh.com\/#website\"},\"datePublished\":\"2020-11-02T20:29:39+00:00\",\"dateModified\":\"2021-05-25T14:53:29+00:00\",\"description\":\"Explore iSchool High academics, combining college-prep coursework, dual credit opportunities, and personalized support in a tuition-free charter high school.\",\"breadcrumb\":{\"@id\":\"https:\/\/ischoolhigh.com\/academics\/#breadcrumb\"},\"inLanguage\":\"es\",\"potentialAction\":[{\"@type\":\"ReadAction\",\"target\":[\"https:\/\/ischoolhigh.com\/academics\/\"]}]},{\"@type\":\"BreadcrumbList\",\"@id\":\"https:\/\/ischoolhigh.com\/academics\/#breadcrumb\",\"itemListElement\":[{\"@type\":\"ListItem\",\"position\":1,\"name\":\"Home\",\"item\":\"https:\/\/ischoolhigh.com\/\"},{\"@type\":\"ListItem\",\"position\":2,\"name\":\"Academics\"}]},{\"@type\":\"WebSite\",\"@id\":\"https:\/\/ischoolhigh.com\/#website\",\"url\":\"https:\/\/ischoolhigh.com\/\",\"name\":\"iSchool High\",\"description\":\"Preparing the Leaders of Tomorrow\",\"publisher\":{\"@id\":\"https:\/\/ischoolhigh.com\/#organization\"},\"potentialAction\":[{\"@type\":\"SearchAction\",\"target\":{\"@type\":\"EntryPoint\",\"urlTemplate\":\"https:\/\/ischoolhigh.com\/?s={search_term_string}\"},\"query-input\":{\"@type\":\"PropertyValueSpecification\",\"valueRequired\":true,\"valueName\":\"search_term_string\"}}],\"inLanguage\":\"es\"},{\"@type\":\"Organization\",\"@id\":\"https:\/\/ischoolhigh.com\/#organization\",\"name\":\"iSchool High\",\"url\":\"https:\/\/ischoolhigh.com\/\",\"logo\":{\"@type\":\"ImageObject\",\"inLanguage\":\"es\",\"@id\":\"https:\/\/ischoolhigh.com\/#\/schema\/logo\/image\/\",\"url\":\"https:\/\/ischoolhigh.com\/wp-content\/uploads\/2021\/05\/2020-21-Logos_iSH-logo_logo.jpg\",\"contentUrl\":\"https:\/\/ischoolhigh.com\/wp-content\/uploads\/2021\/05\/2020-21-Logos_iSH-logo_logo.jpg\",\"width\":396,\"height\":397,\"caption\":\"iSchool High\"},\"image\":{\"@id\":\"https:\/\/ischoolhigh.com\/#\/schema\/logo\/image\/\"}}]}<\/script>\n<!-- \/ Yoast SEO plugin. -->","yoast_head_json":{"title":"Acad\u00e9micos y programas | Preparatoria aut\u00f3noma de acceso temprano a la universidad","description":"Explora los estudios acad\u00e9micos de iSchool High, que combinan cursos de preparaci\u00f3n para la universidad, oportunidades de doble cr\u00e9dito y apoyo personalizado en una escuela secundaria aut\u00f3noma sin cuotas de matr\u00edcula.","robots":{"index":"index","follow":"follow","max-snippet":"max-snippet:-1","max-image-preview":"max-image-preview:large","max-video-preview":"max-video-preview:-1"},"canonical":"https:\/\/ischoolhigh.com\/es\/academicos\/","og_locale":"es_MX","og_type":"article","og_title":"Academics & Programs | Early College Charter High School","og_description":"Explore iSchool High academics, combining college-prep coursework, dual credit opportunities, and personalized support in a tuition-free charter high school.","og_url":"https:\/\/ischoolhigh.com\/es\/academicos\/","og_site_name":"iSchool High","article_modified_time":"2021-05-25T14:53:29+00:00","og_image":[{"width":2000,"height":1334,"url":"https:\/\/ischoolhigh.com\/wp-content\/uploads\/2025\/06\/112221_ResponsiveEd_L_KathyTran_0545_web.jpg","type":"image\/jpeg"}],"twitter_card":"summary_large_image","schema":{"@context":"https:\/\/schema.org","@graph":[{"@type":"WebPage","@id":"https:\/\/ischoolhigh.com\/academics\/","url":"https:\/\/ischoolhigh.com\/academics\/","name":"Acad\u00e9micos y programas | Preparatoria aut\u00f3noma de acceso temprano a la universidad","isPartOf":{"@id":"https:\/\/ischoolhigh.com\/#website"},"datePublished":"2020-11-02T20:29:39+00:00","dateModified":"2021-05-25T14:53:29+00:00","description":"Explora los estudios acad\u00e9micos de iSchool High, que combinan cursos de preparaci\u00f3n para la universidad, oportunidades de doble cr\u00e9dito y apoyo personalizado en una escuela secundaria aut\u00f3noma sin cuotas de matr\u00edcula.","breadcrumb":{"@id":"https:\/\/ischoolhigh.com\/academics\/#breadcrumb"},"inLanguage":"es","potentialAction":[{"@type":"ReadAction","target":["https:\/\/ischoolhigh.com\/academics\/"]}]},{"@type":"BreadcrumbList","@id":"https:\/\/ischoolhigh.com\/academics\/#breadcrumb","itemListElement":[{"@type":"ListItem","position":1,"name":"Home","item":"https:\/\/ischoolhigh.com\/"},{"@type":"ListItem","position":2,"name":"Academics"}]},{"@type":"WebSite","@id":"https:\/\/ischoolhigh.com\/#website","url":"https:\/\/ischoolhigh.com\/","name":"iSchool High","description":"Preparando a los l\u00edderes del ma\u00f1ana","publisher":{"@id":"https:\/\/ischoolhigh.com\/#organization"},"potentialAction":[{"@type":"SearchAction","target":{"@type":"EntryPoint","urlTemplate":"https:\/\/ischoolhigh.com\/?s={search_term_string}"},"query-input":{"@type":"PropertyValueSpecification","valueRequired":true,"valueName":"search_term_string"}}],"inLanguage":"es"},{"@type":"Organization","@id":"https:\/\/ischoolhigh.com\/#organization","name":"iSchool High","url":"https:\/\/ischoolhigh.com\/","logo":{"@type":"ImageObject","inLanguage":"es","@id":"https:\/\/ischoolhigh.com\/#\/schema\/logo\/image\/","url":"https:\/\/ischoolhigh.com\/wp-content\/uploads\/2021\/05\/2020-21-Logos_iSH-logo_logo.jpg","contentUrl":"https:\/\/ischoolhigh.com\/wp-content\/uploads\/2021\/05\/2020-21-Logos_iSH-logo_logo.jpg","width":396,"height":397,"caption":"iSchool High"},"image":{"@id":"https:\/\/ischoolhigh.com\/#\/schema\/logo\/image\/"}}]}},"_links":{"self":[{"href":"https:\/\/ischoolhigh.com\/es\/wp-json\/wp\/v2\/pages\/828","targetHints":{"allow":["GET"]}}],"collection":[{"href":"https:\/\/ischoolhigh.com\/es\/wp-json\/wp\/v2\/pages"}],"about":[{"href":"https:\/\/ischoolhigh.com\/es\/wp-json\/wp\/v2\/types\/page"}],"author":[{"embeddable":true,"href":"https:\/\/ischoolhigh.com\/es\/wp-json\/wp\/v2\/users\/2"}],"replies":[{"embeddable":true,"href":"https:\/\/ischoolhigh.com\/es\/wp-json\/wp\/v2\/comments?post=828"}],"version-history":[{"count":0,"href":"https:\/\/ischoolhigh.com\/es\/wp-json\/wp\/v2\/pages\/828\/revisions"}],"wp:attachment":[{"href":"https:\/\/ischoolhigh.com\/es\/wp-json\/wp\/v2\/media?parent=828"}],"curies":[{"name":"wp","href":"https:\/\/api.w.org\/{rel}","templated":true}]}}